{"id":24,"date":"2024-09-20T16:28:27","date_gmt":"2024-09-20T16:28:27","guid":{"rendered":"http:\/\/172.16.2.9\/?page_id=24"},"modified":"2026-02-24T18:57:40","modified_gmt":"2026-02-24T18:57:40","slug":"bases-legales","status":"publish","type":"page","link":"https:\/\/www.fundabit.gob.ve\/index.php\/bases-legales\/","title":{"rendered":""},"content":{"rendered":"\t\t<div data-elementor-type=\"wp-page\" data-elementor-id=\"24\" class=\"elementor elementor-24\">\n\t\t\t\t<div class=\"elementor-element elementor-element-b401f7d e-flex e-con-boxed e-con e-parent\" data-id=\"b401f7d\" data-element_type=\"container\">\n\t\t\t\t\t<div class=\"e-con-inner\">\n\t\t<div class=\"elementor-element elementor-element-858b730 e-con-full e-flex e-con e-child\" data-id=\"858b730\" data-element_type=\"container\">\n\t\t\t\t<div class=\"elementor-element elementor-element-a9d3753 elementor-widget elementor-widget-heading\" data-id=\"a9d3753\" data-element_type=\"widget\" data-widget_type=\"heading.default\">\n\t\t\t\t<div class=\"elementor-widget-container\">\n\t\t\t<h1 class=\"elementor-heading-title elementor-size-default\"><strong> Bases Legales<\/strong><\/h1>\t\t<\/div>\n\t\t\t\t<\/div>\n\t\t\t\t<div class=\"elementor-element elementor-element-8da2164 elementor-widget elementor-widget-text-editor\" data-id=\"8da2164\" data-element_type=\"widget\" data-widget_type=\"text-editor.default\">\n\t\t\t\t<div class=\"elementor-widget-container\">\n\t\t\t\t\t\t\t<p align=\"justify\"><span style=\"color: #2a2828;\"><span style=\"font-family: Roboto;\"><span style=\"font-size: 16px;\">La Fundaci\u00f3n Bolivariana de Inform\u00e1tica y Telem\u00e1tica (Fundabit), como ente adscrito al Ministerio del Poder Popular para la Educaci\u00f3n, fundamenta su existencia, sus pol\u00edticas y su acci\u00f3n institucional en el marco jur\u00eddico de la Rep\u00fablica Bolivariana de Venezuela, el cual consagra la educaci\u00f3n como un derecho humano fundamental y un instrumento esencial para la construcci\u00f3n de una sociedad justa, democr\u00e1tica, y soberana. <\/span><\/span><\/span><\/p>\n<p align=\"justify\"><span style=\"color: #2a2828;\"><span style=\"font-family: Roboto;\"><span style=\"font-size: 16px;\">Su actuaci\u00f3n se enmarca en el cumplimiento de los principios y mandatos establecidos en la Constituci\u00f3n Nacional, as\u00ed como en un conjunto de leyes org\u00e1nicas y especiales que orientan las pol\u00edticas p\u00fablicas en materia educativa, tecnol\u00f3gica, de planificaci\u00f3n y participaci\u00f3n popular. Este s\u00f3lido sustento legal no solo legitima el quehacer de la fundaci\u00f3n, sino que tambi\u00e9n define su rumbo estrat\u00e9gico y su compromiso irrevocable con el desarrollo integral de la naci\u00f3n. <\/span><\/span><\/span><\/p>\n<p align=\"justify\"><span style=\"color: #2a2828;\"><span style=\"font-family: Roboto;\"><span style=\"font-size: 16px;\"><strong>Bases Legales<\/strong><\/span><\/span><\/span><\/p>\n\n<ul>\n \t<li>\n<p align=\"justify\"><span style=\"color: #2a2828;\"><span style=\"font-family: Roboto;\"><span style=\"font-size: 16px;\">Constituci\u00f3n de la Rep\u00fablica Bolivariana de Venezuela (Gaceta Oficial Extraordinaria N 5.908 extraordinario de fecha 19 de febrero de 2009). <\/span><\/span><\/span><\/p>\n<\/li>\n \t<li>\n<p align=\"justify\"><span style=\"color: #2a2828;\"><span style=\"font-family: Roboto;\"><span style=\"font-size: 16px;\">\nGaceta Oficial Extraordinaria N 37.137 extraordinario de fecha 09 de febrero de 2001. <a href=\"https:\/\/www.fundabit.gob.ve\/wp-content\/uploads\/2025\/07\/Diseno-sin-titulo.pdf.pdf\" target=\"_blank\" rel=\"noopener\">(Descargue aqu\u00ed)<\/a><\/span><\/span><\/span><\/p>\n<\/li>\n \t<li>\n<p align=\"justify\"><span style=\"color: #2a2828;\"><span style=\"font-family: Roboto;\"><span style=\"font-size: 16px;\">\nSegunda Convenci\u00f3n Colectiva \u00danica y Unitaria de los Trabajadores del MPPE 2018-2020. <a href=\"https:\/\/www.fundabit.gob.ve\/wp-content\/uploads\/2025\/09\/II-CONVENCION-COLECTIVA-UNICA-Y-UNITARIA-APROBADA-2018.2020-con-portada.pdf\" target=\"_blank\" rel=\"noopener\">(Descargue aqu\u00ed)<\/a><\/span><\/span><\/span><\/p>\n<\/li>\n<\/ul>\t\t\t\t\t\t<\/div>\n\t\t\t\t<\/div>\n\t\t\t\t<\/div>\n\t\t\t\t\t<\/div>\n\t\t\t\t<\/div>\n\t\t<div class=\"elementor-element elementor-element-8eb02a8 e-flex e-con-boxed e-con e-parent\" data-id=\"8eb02a8\" data-element_type=\"container\">\n\t\t\t\t\t<div class=\"e-con-inner\">\n\t\t<div class=\"elementor-element elementor-element-09e29e0 e-con-full e-flex e-con e-child\" data-id=\"09e29e0\" data-element_type=\"container\">\n\t\t\t\t<div class=\"elementor-element elementor-element-76bf8df elementor-widget elementor-widget-html\" data-id=\"76bf8df\" data-element_type=\"widget\" data-widget_type=\"html.default\">\n\t\t\t\t<div class=\"elementor-widget-container\">\n\t\t\t<div class=\"elementor-tabs-wrapper\" >\n    <div class=\"elementor-tabs\">\n        <!-- Tab Titles -->\n        <div class=\"elementor-tabs-header\" style=\" font-size:16px; color: rgb(0, 0, 0);\"   >\n            <div class=\"elementor-tab-title active\" data-tab=\"tab-1\" style=\"font-family: Roboto;\"><strong>Leyes Org\u00e1nicas<\/strong><\/div>\n            <div class=\"elementor-tab-title\" data-tab=\"tab-2\" style=\"font-family: Roboto;\"><strong>Leyes Especiales<\/strong><\/div>\n            <div class=\"elementor-tab-title\" data-tab=\"tab-3\" style=\"font-family: Roboto;\"><strong>Leyes Ordinarias<\/strong><\/div>\n            <div class=\"elementor-tab-title\" data-tab=\"tab-4\" style=\"font-family: Roboto;\"><strong>Actas y Decretos<\/strong><\/div>\n        <\/div>\n        \n        <!-- Tab Content -->\n        <div class=\"elementor-tabs-content\">\n            <div class=\"elementor-tab-content active\" id=\"tab-1\">\n                <ul>\n \t<li>\n<p align=\"justify\"><span style=\"color: rgb(42, 40, 40);\"><span style=\"font-family: Roboto;\"><span style=\"font-size: 16px;\">Ley Org\u00e1nica del Trabajo (Gaceta Oficial 39.916 de fecha 07 de Mayo de 2012).<\/span><\/span><\/span><\/p>\n<\/li>\n \t<li>\n<p align=\"justify\"><span style=\"color: rgb(42, 40, 40);\"><span style=\" font-family: Roboto;\"><span style=\"font-size: 16px;\">Ley Org\u00e1nica de Procedimientos Administrativos (Gaceta Oficial N 2.818 Extraordinario de 19 de julio de 1981).<\/span><\/span><\/span><\/p>\n<\/li>\n \t<li>\n<p align=\"justify\"><span style=\"color: rgb(42, 40, 40);\"><span style=\"font-family: Roboto;\"><span style=\"font-size: 16px;\">Ley Organica de la Contraloria General de la Rep\u00fablica y del Sistema Nacional de Control Fiscal.<\/span><\/span><\/span><\/p>\n<\/li>\n \t<li>\n<p align=\"justify\"><span style=\"color: rgb(42, 40, 40);\"><span style=\"font-family: Roboto;\"><span style=\"font-size: 16px;\">Gaceta Oficial No 37.347 de fecha 17 de diciembre de 2010.<\/span><\/span><\/span><\/p>\n<\/li>\n \t<li>\n<p align=\"justify\"><span style=\"color: rgb(42, 40, 40);\"><span style=\" font-family: Roboto;\"><span style=\"font-size: 16px;\">Ley Org\u00e1nica de la Administraci\u00f3n Financiera del Sector P\u00fablico (Gaceta Oficial N 39.465 Extraordinaria de fecha 14 de julio de 2010).<\/span><\/span><\/span><\/p>\n<\/li>\n \t<li>\n<p align=\"justify\"><span style=\"color: rgb(42, 40, 40);\"><span style=\"font-family: Roboto; \"><span style=\"font-size: 16px;\">Ley Org\u00e1nica de la Administraci\u00f3n P\u00fablica. (Gaceta Oficial Extraordinaria N5.890 de fecha 31 de julio de 2008).<\/span><\/span><\/span><\/p>\n<\/li>\n \t<li>\n<p align=\"justify\"><span style=\"color: rgb(42, 40, 40);\"><span style=\"font-family: Roboto;\"><span style=\"font-size: 16px;\">Ley Org\u00e1nica de Simplificaci\u00f3n de Trmites Administrativos (Gaceta Oficial Extraordinaria No 5.891 de fecha 22 julio de 2008).<\/span><\/span><\/span><\/p>\n<\/li>\n<\/ul>            <\/div>\n\n\n\n            <div class=\"elementor-tab-content\" id=\"tab-2\">\n                <ul>\n \t<li>\n<p align=\"justify\"><span style=\"color: rgb(42, 40, 40);\"><span style=\"font-family: Roboto;\"><span style=\"font-size: 16px;\">Ley Especial Contra Delitos Inform\u00e1ticos.<\/span><\/span><\/span><\/p><\/li>\n<li><p align=\"justify\"><span style=\"color: rgb(42, 40, 40);\"><span style=\"font-family: Roboto;\"><span style=\"font-size: 16px;\">Gaceta Oficial N 37.313 de fecha 30 de octubre de 2007.<\/span><\/span><\/span><\/p>\n<\/li>\n<\/ul>\n            <\/div>\n<div class=\"elementor-tab-content\" id=\"tab-3\">\n               <ul>\n \t<li>\n<p align=\"justify\"><span style=\"color: rgb(42, 40, 40);\"><span style=\"font-family: Roboto;\"><span style=\"font-size: 16px;\">Ley de Adscripci\u00f3n de Institutos Aut\u00f3nomos<\/span><\/span><\/span><\/p>\n<\/li>\n \t<li>\n<p align=\"justify\"><span style=\"color: rgb(42, 40, 40);\"><span style=\"font-family: Roboto;\"><span style=\"font-size: 16px;\">Gaceta Oficial 37.126 de fecha 24 de Enero de 2001.<\/span><\/span><\/span><\/p>\n<\/li>\n \t<li>\n<p align=\"justify\"><span style=\"color: rgb(42, 40, 40);\"><span style=\"font-family: roboto;\"><span style=\"font-size: 16px;\">Ley de Telecomunicaciones<\/span><\/span><\/span><\/p>\n<\/li>\n \t<li>\n<p align=\"justify\"><span style=\"color: rgb(42, 40, 40);\"><span style=\"font-family: Roboto;\"><span style=\"font-size: 16px;\">Gaceta Oficial N 36.970 de fecha 12 de junio de 2000<\/span><\/span><\/span><\/p>\n<\/li>\n<\/ul>\n\n            <\/div>\n           \n            \n<div class=\"elementor-tab-content\" id=\"tab-4\">\n   <ul>\n \t<li>\n<p align=\"justify\"><span style=\"color: rgb(42, 40, 40);\"><span style=\" font-family: Roboto;\"><span style=\"font-size: 16px;\">Estatutos de la Fundaci\u00f3n Bolivariana de Inform\u00e1tica y Telem\u00e1tica seg\u00fan decreto 1.193 de fecha 06 de febrero de 2001, publicado en Gaceta Oficial N 37.137 de fecha 09 de febrero de 2001.<\/span><\/span><\/span><\/p>\n<\/li>\n \t<li>\n<p align=\"justify\"><span style=\"color: rgb(42, 40, 40);\"><span style=\"font-family: Roboto;\"><span style=\"font-size: 16px;\">Decreto N 825 de fecha 10 de mayo de 2000.<\/span><\/span><\/span><\/p>\n<\/li>\n \t<li>\n<p align=\"justify\"><span style=\"color: rgb(42, 40, 40);\"><span style=\"font-family: Roboto;\"><span style=\"font-size: 16px;\">Decreto Ne 9.040 de fecha 15 de junio de 2012 publicado en Gaceta Oficial N 39.945. Mediante el cual se dicta el decreto de Rango, Valor y Fuerza de Ley Org\u00e1nica de Bienes P\u00fablicos.<\/span><\/span><\/span><\/p>\n<\/li>\n \t<li>\n<p align=\"justify\"><span style=\"color: rgb(42, 40, 40);\"><span style=\" font-family: Roboto;\"><span style=\"font-size: 16px;\">Decreto 3.390 de fecha 28 de diciembre de 2004 publicado en Gaceta Oficial N 38.095. Mediante el cual se dispone que la Administraci\u00f3n P\u00fablica Nacional (APN) emplear\u00e1 prioritariamente Software Libre (SL) desarrollado con Est\u00e1ndares Abiertos, en sus Sistemas, Proyectos y Servicios Inform\u00e1ticos.<\/span><\/span><\/span><\/p>\n<\/li>\n \t<li>\n<p align=\"justify\"><span style=\"color: rgb(42, 40, 40);\"><span style=\" font-family: Roboto;\"><span style=\"font-size: 16px;\">Gaceta Oficial N 38.750 de fecha 20 de agosto de 2007. Mediante el cual se establecen las Normas Generales para fomentar la Participaci\u00f3n Ciudadana.<\/span><\/span><\/span><\/p>\n<\/li>\n<\/ul>\n            <\/div>\n        <\/div>\n    <\/div>\n<\/div>\n\n<style>\n.elementor-tabs-wrapper {\n    margin: 20px 0;\n}\n\n.elementor-tabs-header {\n    display: flex;\n    border-bottom: 2px solid #e0e0e0;\n    margin-bottom: 20px;\n}\n\n.elementor-tab-title {\n    font-family: Liberation Sans;\n    padding: 15px 25px;\n    cursor: pointer;\n    border: none;\n    background: #f8f9fa;\n    margin-right: 5px;\n    border-radius: 5px 5px 0 0;\n    transition: all 0.3s ease;\n}\n\n.elementor-tab-title.active {\n    background: #2980F2;\n    color: white;\n    border-bottom: 0px solid #0073aa;\n}\n\n.elementor-tab-title:hover {\n    color: #2980F2;\n     \n}\n\n.elementor-tab-title.active:hover {\n    \n    color: white;\n}\n\n.elementor-tab-content {\n    display: none;\n    padding: 20px;\n    border: 1px solid #e0e0e0;\n    border-radius: 5px;\n}\n\n.elementor-tab-content.active {\n    display: block;\n}\n<\/style>\n\n<script>\njQuery(document).ready(function($) {\n    $('.elementor-tab-title').on('click', function() {\n        \/\/ Remove active class from all tabs\n        $('.elementor-tab-title').removeClass('active');\n        $('.elementor-tab-content').removeClass('active');\n        \n        \/\/ Add active class to clicked tab\n        $(this).addClass('active');\n        \n        \/\/ Show corresponding content\n        var tabId = $(this).data('tab');\n        $('#' + tabId).addClass('active');\n    });\n});\n<\/script>\t\t<\/div>\n\t\t\t\t<\/div>\n\t\t\t\t<\/div>\n\t\t\t\t\t<\/div>\n\t\t\t\t<\/div>\n\t\t\t\t<\/div>\n\t\t","protected":false},"excerpt":{"rendered":"<p>Bases Legales La Fundaci\u00f3n Bolivariana de Inform\u00e1tica y Telem\u00e1tica (Fundabit), como ente adscrito al Ministerio del Poder Popular para la [&hellip;]<\/p>\n","protected":false},"author":1,"featured_media":0,"parent":0,"menu_order":0,"comment_status":"closed","ping_status":"closed","template":"","meta":{"footnotes":""},"class_list":["post-24","page","type-page","status-publish","hentry","post"],"_links":{"self":[{"href":"https:\/\/www.fundabit.gob.ve\/index.php\/wp-json\/wp\/v2\/pages\/24","targetHints":{"allow":["GET"]}}],"collection":[{"href":"https:\/\/www.fundabit.gob.ve\/index.php\/wp-json\/wp\/v2\/pages"}],"about":[{"href":"https:\/\/www.fundabit.gob.ve\/index.php\/wp-json\/wp\/v2\/types\/page"}],"author":[{"embeddable":true,"href":"https:\/\/www.fundabit.gob.ve\/index.php\/wp-json\/wp\/v2\/users\/1"}],"replies":[{"embeddable":true,"href":"https:\/\/www.fundabit.gob.ve\/index.php\/wp-json\/wp\/v2\/comments?post=24"}],"version-history":[{"count":120,"href":"https:\/\/www.fundabit.gob.ve\/index.php\/wp-json\/wp\/v2\/pages\/24\/revisions"}],"predecessor-version":[{"id":5885,"href":"https:\/\/www.fundabit.gob.ve\/index.php\/wp-json\/wp\/v2\/pages\/24\/revisions\/5885"}],"wp:attachment":[{"href":"https:\/\/www.fundabit.gob.ve\/index.php\/wp-json\/wp\/v2\/media?parent=24"}],"curies":[{"name":"wp","href":"https:\/\/api.w.org\/{rel}","templated":true}]}}