{"id":5499,"date":"2025-09-30T18:09:18","date_gmt":"2025-09-30T18:09:18","guid":{"rendered":"http:\/\/172.16.2.9\/?page_id=5499"},"modified":"2025-10-07T14:34:11","modified_gmt":"2025-10-07T14:34:11","slug":"contacto-2","status":"publish","type":"page","link":"https:\/\/www.fundabit.gob.ve\/index.php\/contacto-2\/","title":{"rendered":""},"content":{"rendered":"\t\t<div data-elementor-type=\"wp-page\" data-elementor-id=\"5499\" class=\"elementor elementor-5499\">\n\t\t\t\t<div class=\"elementor-element elementor-element-6e346da e-flex e-con-boxed e-con e-parent\" data-id=\"6e346da\" data-element_type=\"container\">\n\t\t\t\t\t<div class=\"e-con-inner\">\n\t\t<div class=\"elementor-element elementor-element-d476de6 e-con-full e-flex e-con e-child\" data-id=\"d476de6\" data-element_type=\"container\">\n\t\t\t\t<div class=\"elementor-element elementor-element-bf64efc elementor-widget elementor-widget-heading\" data-id=\"bf64efc\" data-element_type=\"widget\" data-widget_type=\"heading.default\">\n\t\t\t\t<div class=\"elementor-widget-container\">\n\t\t\t<h1 class=\"elementor-heading-title elementor-size-default\"><p style=\"font-family: Liberation Sans;\"><strong> Datos de Contactos <\/strong> <span style=\"font-family: Merriweather; font-size: 25px; font-weight: 400;\"><\/span><\/p><\/h1>\t\t<\/div>\n\t\t\t\t<\/div>\n\t\t<div class=\"elementor-element elementor-element-192529b e-con-full e-flex e-con e-child\" data-id=\"192529b\" data-element_type=\"container\">\n\t\t<div class=\"elementor-element elementor-element-287b882 e-con-full e-flex e-con e-child\" data-id=\"287b882\" data-element_type=\"container\">\n\t\t\t\t<div class=\"elementor-element elementor-element-1a08829 elementor-widget elementor-widget-text-editor\" data-id=\"1a08829\" data-element_type=\"widget\" data-widget_type=\"text-editor.default\">\n\t\t\t\t<div class=\"elementor-widget-container\">\n\t\t\t\t\t\t\t<html>\n<head>\n    <meta charset='utf-8'>\n    <meta http-equiv='X-UA-Compatible' content='IE=edge'>\n    <title>Fundabit &#8211; Contacto<\/title>\n    <meta name='viewport' content='width=device-width, initial-scale=1'>\n\n   <style>\n\n\n       \n        \/* Estilos para los botones desplegables *\/\n        .toggle-button {\n            \n            color: #be223b;\n            border: 5;\n            border-color: #2980F2;\n            padding: 3px 8px;\n            text-align: left;\n            cursor: pointer;\n            font-family: Liberation Sans;\n            font-size: 16px;\n            font-weight: bold;\n            border-radius: 5px;\n            margin-bottom: 10px;\n            transition:\n            background-color 0.3s;\n            display: flex;\n            justify-content: space-between;\n            align-items: center;\n        }\n\n        .toggle-button:hover {\n            color: #be223b;\n            border: 5;\n            border-color: #2980F2;\n        }\n\n        .toggle-button::after {\n            content: \"\u25bc\";\n            font-size: 12px;\n            transition: transform 0.3s;\n        }\n\n        .toggle-button.active::after {\n            transform: rotate(180deg);\n        }\n\n        .toggle-content {\n            display: none;\n            padding: 15px;\n            border: 5px solid #2980F2\n            border-radius: 0 0 5px 5px;\n            margin-bottom: 15px;\n        }\n\n        .toggle-content.active {\n            display: block;\n        }\n    <\/style>\n\n<\/style>\n<\/head>\n<body>\n\n<p align=\"justify\"><span style=\"color: #2a2828;\"><span style=\"font-family: Liberation Sans;\"><span style=\"font-size: 16px;\"><strong>\u00bfTe interesa ser parte de Fundabit o necesitas informaci\u00f3n sobre nuestra fundaci\u00f3n?<\/strong> \nSi deseas formar parte de nuestro equipo como agente de cambio educativo, env\u00edanos tu curr\u00edculum a la Direcci\u00f3n de Talento Humano.<\/span><\/span><\/span><\/p>\n\n<button class=\"toggle-button\" id=\"toggle-talent\" style=\"background: #2980F2; color: white;\"> Direcci\u00f3n de Talento Humano<\/button>\n    <div class=\"toggle-content\" id=\"content-talent\">\n        <div class=\"elementor-tabs-wrapper\">\n            <div class=\"elementor-tabs\">\n                <!-- Tab Content -->\n                <div class=\"elementor-tabs-content\" style=\"font-family: Liberation Sans;\">\n                    <div id=\"tab-1\" class=\"elementor-tab-content active\">\n                        <ul>\n                            <li>\n                                <p align=\"justify\"><span style=\"color: #2a2828;\"><span style=\"font-family: Liberation Sans;\"><span style=\"font-size: 14px;\">Correo electr\u00f3nico: fundacionfundabit@gmail.com<\/span><\/span><\/span><\/p>\n                            <\/li>\n                            <li>\n                                <p align=\"justify\"><span style=\"color: #2a2828;\"><span style=\"font-family: Liberation Sans;\"><span style=\"font-size: 14px;\">Tel\u00e9fono: (0212) 506-88-74<\/span><\/span><\/span><\/p>\n                            <\/li>\n                        <\/ul>\n                    <\/div>\n                <\/div>\n            <\/div>\n        <\/div>\n    <\/div>\n\n<p align=\"justify\"><span style=\"color: #2a2828;\"><span style=\"font-family: Liberation Sans;\"><span style=\"font-size: 14px;\">Si buscas colaborar, conocer m\u00e1s sobre nuestros proyectos o necesitas orientaci\u00f3n, contacta a la Oficina de Atenci\u00f3n al Ciudadano.<\/span><\/span><\/span><\/p>\n\n <button class=\"toggle-button\" id=\"toggle-citizen\" style=\"background: #2980F2; color: white;\">Oficina de Atenci\u00f3n al Ciudadano<\/button>\n    <div class=\"toggle-content\" id=\"content-citizen\">\n        <div class=\"elementor-tabs-wrapper\">\n            <div class=\"elementor-tabs\">\n                <!-- Tab Content -->\n                <div class=\"elementor-tabs-content\" style=\"font-family: Liberation Sans;\">\n                    <div id=\"tab-1\" class=\"elementor-tab-content active\">\n                        <ul>\n                            <li>\n                                <p align=\"justify\"><span style=\"color: #2a2828;\"><span style=\"font-family: Liberation Sans;\"><span style=\"font-size: 14px;\">Correo electr\u00f3nico: direccionoacfundabit@gmail.com<\/span><\/span><\/span><\/p>\n                            <\/li>\n                            <li>\n                                <p align=\"justify\"><span style=\"color: #2a2828;\"><span style=\"font-family: Liberation Sans;\"><span style=\"font-size: 14px;\">Tel\u00e9fono: (0212) 506-83-70<\/span><\/span><\/span><\/p>\n                            <\/li>\n                        <\/ul>\n                    <\/div>\n                <\/div>\n            <\/div>\n        <\/div>\n    <\/div>\n\n<p align=\"justify\"><span style=\"color: #2a2828;\"><span style=\"font-family: Liberation Sans;\"><span style=\"font-size: 14px;\">\u00a1Estamos aqu\u00ed para construir juntos una educaci\u00f3n innovadora y con prop\u00f3sito!<\/span><\/span><\/span><\/p>\n\n<div class=\"contacto-item\">\n        <div class=\"contacto-icono\"><\/div>\n        <div class=\"contacto-texto\">\n            <p align=\"justify\"><span style=\"color: black;\"><span style=\"font-family: Liberation Sans;\"><span style=\"font-size: 17px;\"><strong>&#8211; Horario de Atenci\u00f3n<\/strong> <\/span><\/span><\/span><\/p>\n            <ul>\n                <li>\n                    <p align=\"justify\"><span style=\"color: #2a2828;\"><span style=\"font-family: Liberation Sans;\"><span style=\"font-size: 14px;\">Lunes a Viernes: 8:00am &#8211; 4:00pm <\/span><\/span><\/span><\/p>\n                <\/li>\n            <\/ul>\n            <p align=\"justify\"><span style=\"color: black;\"><span style=\"font-family: Liberation Sans;\"><span style=\"font-size: 17px;\"><strong>&#8211; Direcci\u00f3n <\/strong><\/span><\/span><\/span><\/p>\n            <ul>\n                <li>\n                    <p align=\"justify\"><span style=\"color: #2a2828;\"><span style=\"font-family: Liberation Sans;\"><span style=\"font-size: 14px;\">Esq. de Salas a Caja de Agua, Edif. Sede del MPPE, Parroquia Altagracia, Dtto. Capital, Caracas-Venezuela. <\/span><\/span><\/span><\/p>\n                <\/li>\n            <\/ul>\n        <\/div>\n    <\/div>\n\n<script>\n        \/\/ Funci\u00f3n para manejar el despliegue de contenido\n        function setupToggleButtons() {\n            \/\/ Obtener todos los botones desplegables\n            const toggleButtons = document.querySelectorAll('.toggle-button');\n            \n            \/\/ A\u00f1adir evento click a cada bot\u00f3n\n            toggleButtons.forEach(button => {\n                button.addEventListener('click', function() {\n                    \/\/ Obtener el ID del contenido asociado\n                    const contentId = this.id.replace('toggle-', 'content-');\n                    const content = document.getElementById(contentId);\n                    \n                    \/\/ Alternar la clase 'active' en el bot\u00f3n y el contenido\n                    this.classList.toggle('active');\n                    content.classList.toggle('active');\n                });\n            });\n        }\n        \n        \/\/ Ejecutar la funci\u00f3n cuando el documento est\u00e9 cargado\n        document.addEventListener('DOMContentLoaded', setupToggleButtons);\n    <\/script>\n\n<\/body>\n<\/html>\t\t\t\t\t\t<\/div>\n\t\t\t\t<\/div>\n\t\t\t\t<\/div>\n\t\t\t\t<\/div>\n\t\t\t\t<\/div>\n\t\t\t\t\t<\/div>\n\t\t\t\t<\/div>\n\t\t\t\t<\/div>\n\t\t","protected":false},"excerpt":{"rendered":"<p>Datos de Contactos Fundabit &#8211; Contacto \u00bfTe interesa ser parte de Fundabit o necesitas informaci\u00f3n sobre nuestra fundaci\u00f3n? Si deseas [&hellip;]<\/p>\n","protected":false},"author":1,"featured_media":0,"parent":0,"menu_order":0,"comment_status":"closed","ping_status":"closed","template":"","meta":{"footnotes":""},"class_list":["post-5499","page","type-page","status-publish","hentry","post"],"_links":{"self":[{"href":"https:\/\/www.fundabit.gob.ve\/index.php\/wp-json\/wp\/v2\/pages\/5499","targetHints":{"allow":["GET"]}}],"collection":[{"href":"https:\/\/www.fundabit.gob.ve\/index.php\/wp-json\/wp\/v2\/pages"}],"about":[{"href":"https:\/\/www.fundabit.gob.ve\/index.php\/wp-json\/wp\/v2\/types\/page"}],"author":[{"embeddable":true,"href":"https:\/\/www.fundabit.gob.ve\/index.php\/wp-json\/wp\/v2\/users\/1"}],"replies":[{"embeddable":true,"href":"https:\/\/www.fundabit.gob.ve\/index.php\/wp-json\/wp\/v2\/comments?post=5499"}],"version-history":[{"count":70,"href":"https:\/\/www.fundabit.gob.ve\/index.php\/wp-json\/wp\/v2\/pages\/5499\/revisions"}],"predecessor-version":[{"id":5625,"href":"https:\/\/www.fundabit.gob.ve\/index.php\/wp-json\/wp\/v2\/pages\/5499\/revisions\/5625"}],"wp:attachment":[{"href":"https:\/\/www.fundabit.gob.ve\/index.php\/wp-json\/wp\/v2\/media?parent=5499"}],"curies":[{"name":"wp","href":"https:\/\/api.w.org\/{rel}","templated":true}]}}